{"id":13,"date":"2024-10-15T07:11:34","date_gmt":"2024-10-15T07:11:34","guid":{"rendered":"https:\/\/staging-nadesigns.com\/contact\/"},"modified":"2024-11-07T18:26:22","modified_gmt":"2024-11-07T18:26:22","slug":"contact","status":"publish","type":"page","link":"https:\/\/callmrsg.com\/fr\/contact\/","title":{"rendered":"Contact"},"content":{"rendered":"<div data-elementor-type=\"wp-page\" data-elementor-id=\"13\" class=\"elementor elementor-13\">\n\t\t\t\t<div class=\"elementor-element elementor-element-68edba6 e-con-full e-flex wpr-particle-no wpr-jarallax-no wpr-parallax-no wpr-sticky-section-no e-con e-parent\" data-id=\"68edba6\" data-element_type=\"container\" data-settings=\"{&quot;background_background&quot;:&quot;classic&quot;}\">\n\t\t<div class=\"elementor-element elementor-element-9e10101 e-con-full e-flex wpr-particle-no wpr-jarallax-no wpr-parallax-no wpr-sticky-section-no e-con e-child\" data-id=\"9e10101\" data-element_type=\"container\" data-settings=\"{&quot;background_background&quot;:&quot;classic&quot;}\">\n\t\t\t\t<\/div>\n\t\t<div class=\"elementor-element elementor-element-cd973e7 e-con-full e-flex wpr-particle-no wpr-jarallax-no wpr-parallax-no wpr-sticky-section-no e-con e-child\" data-id=\"cd973e7\" data-element_type=\"container\">\n\t\t\t\t<div class=\"elementor-element elementor-element-329a2eb elementor-widget elementor-widget-text-editor\" data-id=\"329a2eb\" data-element_type=\"widget\" data-widget_type=\"text-editor.default\">\n\t\t\t\t<div class=\"elementor-widget-container\">\n\t\t\t\t\t\t\t\t\t<p class=\"p1\">CONTACTEZ-NOUS!<\/p>\t\t\t\t\t\t\t\t<\/div>\n\t\t\t\t<\/div>\n\t\t\t\t<div class=\"elementor-element elementor-element-5da46e7 elementor-widget elementor-widget-text-editor\" data-id=\"5da46e7\" data-element_type=\"widget\" data-widget_type=\"text-editor.default\">\n\t\t\t\t<div class=\"elementor-widget-container\">\n\t\t\t\t\t\t\t\t\t<p class=\"p1\"><strong>Votre vision est unique et nous avons h\u00e2te d\u2019en entendre parler.<\/strong><\/p>\t\t\t\t\t\t\t\t<\/div>\n\t\t\t\t<\/div>\n\t\t\t\t<div class=\"elementor-element elementor-element-8155ad7 elementor-widget elementor-widget-text-editor\" data-id=\"8155ad7\" data-element_type=\"widget\" data-widget_type=\"text-editor.default\">\n\t\t\t\t<div class=\"elementor-widget-container\">\n\t\t\t\t\t\t\t\t\t<p class=\"p1\">Pour mieux pr\u00e9parer notre entretien t\u00e9l\u00e9phonique et vous accompagner dans l'organisation de votre futur \u00e9v\u00e9nement, merci de remplir le formulaire ci-dessous ; nous vous r\u00e9pondrons dans les 48 heures.<\/p>\t\t\t\t\t\t\t\t<\/div>\n\t\t\t\t<\/div>\n\t\t\t\t<div class=\"elementor-element elementor-element-2ace255 elementor-widget elementor-widget-text-editor\" data-id=\"2ace255\" data-element_type=\"widget\" data-widget_type=\"text-editor.default\">\n\t\t\t\t<div class=\"elementor-widget-container\">\n\t\t\t\t\t\t\t\t\t<p class=\"p1\"><strong>\u00c0 BIENT\u00d4T !<\/strong><\/p>\t\t\t\t\t\t\t\t<\/div>\n\t\t\t\t<\/div>\n\t\t\t\t<\/div>\n\t\t\t\t<\/div>\n\t\t<div class=\"elementor-element elementor-element-d156e94 e-con-full e-flex wpr-particle-no wpr-jarallax-no wpr-parallax-no wpr-sticky-section-no e-con e-parent\" data-id=\"d156e94\" data-element_type=\"container\" data-settings=\"{&quot;background_background&quot;:&quot;classic&quot;}\">\n\t\t<div class=\"elementor-element elementor-element-7dfb92c e-con-full e-flex wpr-particle-no wpr-jarallax-no wpr-parallax-no wpr-sticky-section-no e-con e-child\" data-id=\"7dfb92c\" data-element_type=\"container\">\n\t\t\t\t<div class=\"elementor-element elementor-element-45721d7 elementor-widget elementor-widget-heading\" data-id=\"45721d7\" data-element_type=\"widget\" data-widget_type=\"heading.default\">\n\t\t\t\t<div class=\"elementor-widget-container\">\n\t\t\t\t\t<h2 class=\"elementor-heading-title elementor-size-default\">COMPL\u00c9TER LE\nFORMULAIRE<\/h2>\t\t\t\t<\/div>\n\t\t\t\t<\/div>\n\t\t\t\t<div class=\"elementor-element elementor-element-ff973c4 contactForm elementor-widget elementor-widget-shortcode\" data-id=\"ff973c4\" data-element_type=\"widget\" id=\"contactForm\" data-widget_type=\"shortcode.default\">\n\t\t\t\t<div class=\"elementor-widget-container\">\n\t\t\t\t\t\t\t<div class=\"elementor-shortcode\"><div class=\"forminator-ui forminator-custom-form forminator-custom-form-1226 forminator-design--default  forminator_ajax\" data-forminator-render=\"0\" data-form=\"forminator-module-1226\" data-uid=\"69e4e9d814f99\"><br\/><\/div><form\n\t\t\t\tid=\"forminator-module-1226\"\n\t\t\t\tclass=\"forminator-ui forminator-custom-form forminator-custom-form-1226 forminator-design--default  forminator_ajax\"\n\t\t\t\tmethod=\"post\"\n\t\t\t\tdata-forminator-render=\"0\"\n\t\t\t\tdata-form-id=\"1226\"\n\t\t\t\t\n\t\t\t\tdata-design=\"default\"\n\t\t\t\t\n\t\t\t\t\n\t\t\t\t\n\t\t\t\tdata-grid=\"open\"\n\t\t\t\t\n\t\t\t\t\n\t\t\t\tstyle=\"display: none;\"\n\t\t\t\t\n\t\t\t\tdata-uid=\"69e4e9d814f99\" action=\"\"\n\t\t\t><div role=\"alert\" aria-live=\"polite\" class=\"forminator-response-message forminator-error\" aria-hidden=\"true\"><\/div><div class=\"forminator-row\"><div id=\"name-1\" class=\"forminator-field-name forminator-col forminator-col-12\"><div class=\"forminator-field\"><label for=\"forminator-field-name-1_69e4e9d814f99\" id=\"forminator-field-name-1_69e4e9d814f99-label\" class=\"forminator-label\">Nom et pr\u00e9nom <span class=\"forminator-required\">*<\/span><\/label><input type=\"text\" name=\"name-1\" value=\"\" placeholder=\"E.g. John Doe\" id=\"forminator-field-name-1_69e4e9d814f99\" class=\"forminator-input forminator-name--field\" aria-required=\"true\" \/><\/div><\/div><\/div><div class=\"forminator-row\"><div id=\"email-1\" class=\"forminator-field-email forminator-col forminator-col-12\"><div class=\"forminator-field\"><label for=\"forminator-field-email-1_69e4e9d814f99\" id=\"forminator-field-email-1_69e4e9d814f99-label\" class=\"forminator-label\">Adresse email <span class=\"forminator-required\">*<\/span><\/label><input type=\"email\" name=\"email-1\" value=\"\" placeholder=\"E.g. john@doe.com\" id=\"forminator-field-email-1_69e4e9d814f99\" class=\"forminator-input forminator-email--field\" data-required=\"true\" aria-required=\"true\" \/><\/div><\/div><\/div><div class=\"forminator-row\"><div id=\"phone-1\" class=\"forminator-field-phone forminator-col forminator-col-12\"><div class=\"forminator-field\"><label for=\"forminator-field-phone-1_69e4e9d814f99\" id=\"forminator-field-phone-1_69e4e9d814f99-label\" class=\"forminator-label\">Num\u00e9ro de contact <span class=\"forminator-required\">*<\/span><\/label><input type=\"text\" name=\"phone-1\" value=\"\" placeholder=\"E.g. +2712 345 6789\" id=\"forminator-field-phone-1_69e4e9d814f99\" class=\"forminator-input forminator-field--phone\" data-required=\"1\" aria-required=\"true\" autocomplete=\"off\" \/><\/div><\/div><\/div><div class=\"forminator-row\"><div id=\"text-1\" class=\"forminator-field-text forminator-col forminator-col-12\"><div class=\"forminator-field\"><label for=\"forminator-field-text-1_69e4e9d814f99\" id=\"forminator-field-text-1_69e4e9d814f99-label\" class=\"forminator-label\">Pays de c\u00e9l\u00e9bration <span class=\"forminator-required\">*<\/span><\/label><input type=\"text\" name=\"text-1\" value=\"\" placeholder=\"tapez ici..\" id=\"forminator-field-text-1_69e4e9d814f99\" class=\"forminator-input forminator-name--field\" data-required=\"1\" \/><\/div><\/div><\/div><div class=\"forminator-row\"><div id=\"text-2\" class=\"forminator-field-text forminator-col forminator-col-12\"><div class=\"forminator-field\"><label for=\"forminator-field-text-2_69e4e9d814f99\" id=\"forminator-field-text-2_69e4e9d814f99-label\" class=\"forminator-label\">Date de c\u00e9l\u00e9bration <span class=\"forminator-required\">*<\/span><\/label><input type=\"text\" name=\"text-2\" value=\"\" placeholder=\"tapez ici..\" id=\"forminator-field-text-2_69e4e9d814f99\" class=\"forminator-input forminator-name--field\" data-required=\"1\" \/><\/div><\/div><\/div><div class=\"forminator-row\"><div id=\"text-3\" class=\"forminator-field-text forminator-col forminator-col-12\"><div class=\"forminator-field\"><label for=\"forminator-field-text-3_69e4e9d814f99\" id=\"forminator-field-text-3_69e4e9d814f99-label\" class=\"forminator-label\">Nombre d'invit\u00e9s <span class=\"forminator-required\">*<\/span><\/label><input type=\"text\" name=\"text-3\" value=\"\" placeholder=\"tapez ici..\" id=\"forminator-field-text-3_69e4e9d814f99\" class=\"forminator-input forminator-name--field\" data-required=\"1\" \/><\/div><\/div><\/div><div class=\"forminator-row\"><div id=\"checkbox-1\" class=\"forminator-field-checkbox forminator-col forminator-col-12\"><div role=\"group\" class=\"forminator-field\" aria-labelledby=\"forminator-checkbox-group-forminator-field-checkbox-1-69e4e9d814f99-label\"><span id=\"forminator-checkbox-group-forminator-field-checkbox-1-69e4e9d814f99-label\" class=\"forminator-label\">QUELS SERVICES VOUS INT\u00c9RESSENT ?<\/span><label id=\"forminator-field-checkbox-1-1-69e4e9d814f99-label\" for=\"forminator-field-checkbox-1-1-69e4e9d814f99\" class=\"forminator-checkbox\" title=\"Organisation compl\u00e8te (de A \u00e0 Z)\"><input type=\"checkbox\" name=\"checkbox-1[]\" value=\"one\" id=\"forminator-field-checkbox-1-1-69e4e9d814f99\" aria-labelledby=\"forminator-field-checkbox-1-1-69e4e9d814f99-label\" data-calculation=\"0\"   data-hidden-behavior=\"zero\"\/><span class=\"forminator-checkbox-box\" aria-hidden=\"true\"><\/span><span class=\"forminator-checkbox-label\">Organisation compl\u00e8te (de A \u00e0 Z)<\/span><\/label><label id=\"forminator-field-checkbox-1-2-69e4e9d814f99-label\" for=\"forminator-field-checkbox-1-2-69e4e9d814f99\" class=\"forminator-checkbox\" title=\"Organisation partielle\"><input type=\"checkbox\" name=\"checkbox-1[]\" value=\"two\" id=\"forminator-field-checkbox-1-2-69e4e9d814f99\" aria-labelledby=\"forminator-field-checkbox-1-2-69e4e9d814f99-label\" data-calculation=\"0\"   data-hidden-behavior=\"zero\"\/><span class=\"forminator-checkbox-box\" aria-hidden=\"true\"><\/span><span class=\"forminator-checkbox-label\">Organisation partielle<\/span><\/label><label id=\"forminator-field-checkbox-1-3-69e4e9d814f99-label\" for=\"forminator-field-checkbox-1-3-69e4e9d814f99\" class=\"forminator-checkbox\" title=\"Coordination de la journ\u00e9e\"><input type=\"checkbox\" name=\"checkbox-1[]\" value=\"Coordination-of-the-day\" id=\"forminator-field-checkbox-1-3-69e4e9d814f99\" aria-labelledby=\"forminator-field-checkbox-1-3-69e4e9d814f99-label\" data-calculation=\"0\"   data-hidden-behavior=\"zero\"\/><span class=\"forminator-checkbox-box\" aria-hidden=\"true\"><\/span><span class=\"forminator-checkbox-label\">Coordination de la journ\u00e9e<\/span><\/label><label id=\"forminator-field-checkbox-1-4-69e4e9d814f99-label\" for=\"forminator-field-checkbox-1-4-69e4e9d814f99\" class=\"forminator-checkbox\" title=\"D\u00e9coration\"><input type=\"checkbox\" name=\"checkbox-1[]\" value=\"Decoration\" id=\"forminator-field-checkbox-1-4-69e4e9d814f99\" aria-labelledby=\"forminator-field-checkbox-1-4-69e4e9d814f99-label\" data-calculation=\"0\"   data-hidden-behavior=\"zero\"\/><span class=\"forminator-checkbox-box\" aria-hidden=\"true\"><\/span><span class=\"forminator-checkbox-label\">D\u00e9coration<\/span><\/label><label id=\"forminator-field-checkbox-1-5-69e4e9d814f99-label\" for=\"forminator-field-checkbox-1-5-69e4e9d814f99\" class=\"forminator-checkbox\" title=\"Moodboard - Direction Artistique\"><input type=\"checkbox\" name=\"checkbox-1[]\" value=\"Moodboard---Artistic-Direction\" id=\"forminator-field-checkbox-1-5-69e4e9d814f99\" aria-labelledby=\"forminator-field-checkbox-1-5-69e4e9d814f99-label\" data-calculation=\"0\"   data-hidden-behavior=\"zero\"\/><span class=\"forminator-checkbox-box\" aria-hidden=\"true\"><\/span><span class=\"forminator-checkbox-label\">Moodboard - Direction Artistique<\/span><\/label><\/div><\/div><\/div><div class=\"forminator-row\"><div id=\"checkbox-2\" class=\"forminator-field-checkbox forminator-col forminator-col-12\"><div role=\"group\" class=\"forminator-field\" aria-labelledby=\"forminator-checkbox-group-forminator-field-checkbox-2-69e4e9d814f99-label\"><span id=\"forminator-checkbox-group-forminator-field-checkbox-2-69e4e9d814f99-label\" class=\"forminator-label\">Y a-t-il autre chose pour lequel nous pouvons vous aider\u00a0?<\/span><label id=\"forminator-field-checkbox-2-1-69e4e9d814f99-label\" for=\"forminator-field-checkbox-2-1-69e4e9d814f99\" class=\"forminator-checkbox\" title=\"C\u00e9l\u00e9bration priv\u00e9e\"><input type=\"checkbox\" name=\"checkbox-2[]\" value=\"one\" id=\"forminator-field-checkbox-2-1-69e4e9d814f99\" aria-labelledby=\"forminator-field-checkbox-2-1-69e4e9d814f99-label\" data-calculation=\"0\"   data-hidden-behavior=\"zero\"\/><span class=\"forminator-checkbox-box\" aria-hidden=\"true\"><\/span><span class=\"forminator-checkbox-label\">C\u00e9l\u00e9bration priv\u00e9e<\/span><\/label><label id=\"forminator-field-checkbox-2-2-69e4e9d814f99-label\" for=\"forminator-field-checkbox-2-2-69e4e9d814f99\" class=\"forminator-checkbox\" title=\"Demande en mariage\"><input type=\"checkbox\" name=\"checkbox-2[]\" value=\"two\" id=\"forminator-field-checkbox-2-2-69e4e9d814f99\" aria-labelledby=\"forminator-field-checkbox-2-2-69e4e9d814f99-label\" data-calculation=\"0\"   data-hidden-behavior=\"zero\"\/><span class=\"forminator-checkbox-box\" aria-hidden=\"true\"><\/span><span class=\"forminator-checkbox-label\">Demande en mariage<\/span><\/label><label id=\"forminator-field-checkbox-2-3-69e4e9d814f99-label\" for=\"forminator-field-checkbox-2-3-69e4e9d814f99\" class=\"forminator-checkbox\" title=\"Lune de miel\"><input type=\"checkbox\" name=\"checkbox-2[]\" value=\"Coordination-of-the-day\" id=\"forminator-field-checkbox-2-3-69e4e9d814f99\" aria-labelledby=\"forminator-field-checkbox-2-3-69e4e9d814f99-label\" data-calculation=\"0\"   data-hidden-behavior=\"zero\"\/><span class=\"forminator-checkbox-box\" aria-hidden=\"true\"><\/span><span class=\"forminator-checkbox-label\">Lune de miel<\/span><\/label><label id=\"forminator-field-checkbox-2-4-69e4e9d814f99-label\" for=\"forminator-field-checkbox-2-4-69e4e9d814f99\" class=\"forminator-checkbox\" title=\"autre\"><input type=\"checkbox\" name=\"checkbox-2[]\" value=\"Decoration\" id=\"forminator-field-checkbox-2-4-69e4e9d814f99\" aria-labelledby=\"forminator-field-checkbox-2-4-69e4e9d814f99-label\" data-calculation=\"0\"   data-hidden-behavior=\"zero\"\/><span class=\"forminator-checkbox-box\" aria-hidden=\"true\"><\/span><span class=\"forminator-checkbox-label\">autre<\/span><\/label><\/div><\/div><\/div><div class=\"forminator-row\"><div id=\"textarea-1\" class=\"forminator-field-textarea forminator-col forminator-col-12\"><div class=\"forminator-field\"><label for=\"forminator-field-textarea-1_69e4e9d814f99\" id=\"forminator-field-textarea-1_69e4e9d814f99-label\" class=\"forminator-label\">REMARQUE\u00a0: Partagez simplement ce que votre c\u0153ur d\u00e9sire \/ Laissez-nous un message<\/label><textarea name=\"textarea-1\" placeholder=\"tapez ici..\" id=\"forminator-field-textarea-1_69e4e9d814f99\" class=\"forminator-textarea\" rows=\"6\" style=\"min-height:140px;\" maxlength=\"180\" ><\/textarea><span id=\"forminator-field-textarea-1_69e4e9d814f99-description\" class=\"forminator-description\"><span data-limit=\"180\" data-type=\"characters\" data-editor=\"\">0 \/ 180<\/span><\/span><\/div><\/div><\/div><div class=\"forminator-row\"><div id=\"captcha-1\" class=\"forminator-field-captcha forminator-col forminator-col-12\"><div class=\"forminator-captcha-left forminator-g-recaptcha\" data-theme=\"light\"  data-sitekey=\"6LeIPXgqAAAAAD52yCQT9zLwcg_2K-D8CLf01g-f\" data-size=\"normal\"><\/div> <\/div><\/div><input type=\"hidden\" name=\"referer_url\" value=\"\" \/><div class=\"forminator-row forminator-row-last\"><div class=\"forminator-col\"><div class=\"forminator-field\"><button class=\"forminator-button forminator-button-submit\">Soumettre<\/button><\/div><\/div><\/div><input type=\"hidden\" id=\"forminator_nonce\" name=\"forminator_nonce\" value=\"1adc397faf\" \/><input type=\"hidden\" name=\"_wp_http_referer\" value=\"\/fr\/wp-json\/wp\/v2\/pages\/13\" \/><input type=\"hidden\" name=\"form_id\" value=\"1226\"><input type=\"hidden\" name=\"page_id\" value=\"13\"><input type=\"hidden\" name=\"form_type\" value=\"default\"><input type=\"hidden\" name=\"current_url\" value=\"https:\/\/callmrsg.com\/fr\/contact\/\"><input type=\"hidden\" name=\"render_id\" value=\"0\"><input type=\"hidden\" name=\"action\" value=\"forminator_submit_form_custom-forms\"><label for=\"input_10\" class=\"forminator-hidden\" aria-hidden=\"true\">Veuillez ne pas remplir ce champ. <input id=\"input_10\" type=\"text\" name=\"input_10\" value=\"\" autocomplete=\"off\"><\/label><input type=\"hidden\" name=\"trp-form-language\" value=\"fr\"\/><\/form><\/div>\n\t\t\t\t\t\t<\/div>\n\t\t\t\t<\/div>\n\t\t\t\t<\/div>\n\t\t<div class=\"elementor-element elementor-element-66248ef e-con-full e-flex wpr-particle-no wpr-jarallax-no wpr-parallax-no wpr-sticky-section-no e-con e-child\" data-id=\"66248ef\" data-element_type=\"container\">\n\t\t\t\t<div class=\"elementor-element elementor-element-162bbbc elementor-widget elementor-widget-image\" data-id=\"162bbbc\" data-element_type=\"widget\" data-widget_type=\"image.default\">\n\t\t\t\t<div class=\"elementor-widget-container\">\n\t\t\t\t\t\t\t\t\t\t\t\t\t\t\t<img fetchpriority=\"high\" decoding=\"async\" width=\"1024\" height=\"678\" src=\"https:\/\/callmrsg.com\/wp-content\/uploads\/2024\/10\/Screenshot-2024-10-29-at-22.49.02-1024x678.png\" class=\"attachment-large size-large wp-image-1160\" alt=\"\" srcset=\"https:\/\/callmrsg.com\/wp-content\/uploads\/2024\/10\/Screenshot-2024-10-29-at-22.49.02-1024x678.png 1024w, https:\/\/callmrsg.com\/wp-content\/uploads\/2024\/10\/Screenshot-2024-10-29-at-22.49.02-300x199.png 300w, https:\/\/callmrsg.com\/wp-content\/uploads\/2024\/10\/Screenshot-2024-10-29-at-22.49.02-768x509.png 768w, https:\/\/callmrsg.com\/wp-content\/uploads\/2024\/10\/Screenshot-2024-10-29-at-22.49.02.png 1060w\" sizes=\"(max-width: 1024px) 100vw, 1024px\" \/>\t\t\t\t\t\t\t\t\t\t\t\t\t\t\t<\/div>\n\t\t\t\t<\/div>\n\t\t\t\t<div class=\"elementor-element elementor-element-12af5ab elementor-widget elementor-widget-image\" data-id=\"12af5ab\" data-element_type=\"widget\" data-widget_type=\"image.default\">\n\t\t\t\t<div class=\"elementor-widget-container\">\n\t\t\t\t\t\t\t\t\t\t\t\t\t\t\t<img decoding=\"async\" width=\"683\" height=\"1024\" src=\"https:\/\/callmrsg.com\/wp-content\/uploads\/2024\/10\/YolandeMarxPhoto_OrnellaYannick_020-683x1024.jpg\" class=\"attachment-large size-large wp-image-1159\" alt=\"\" srcset=\"https:\/\/callmrsg.com\/wp-content\/uploads\/2024\/10\/YolandeMarxPhoto_OrnellaYannick_020-683x1024.jpg 683w, https:\/\/callmrsg.com\/wp-content\/uploads\/2024\/10\/YolandeMarxPhoto_OrnellaYannick_020-200x300.jpg 200w, https:\/\/callmrsg.com\/wp-content\/uploads\/2024\/10\/YolandeMarxPhoto_OrnellaYannick_020-768x1152.jpg 768w, https:\/\/callmrsg.com\/wp-content\/uploads\/2024\/10\/YolandeMarxPhoto_OrnellaYannick_020.jpg 1024w\" sizes=\"(max-width: 683px) 100vw, 683px\" \/>\t\t\t\t\t\t\t\t\t\t\t\t\t\t\t<\/div>\n\t\t\t\t<\/div>\n\t\t\t\t<\/div>\n\t\t\t\t<\/div>\n\t\t<div class=\"elementor-element elementor-element-0d939d1 e-flex e-con-boxed wpr-particle-no wpr-jarallax-no wpr-parallax-no wpr-sticky-section-no e-con e-parent\" data-id=\"0d939d1\" data-element_type=\"container\" data-settings=\"{&quot;background_background&quot;:&quot;classic&quot;}\">\n\t\t\t\t\t<div class=\"e-con-inner\">\n\t\t\t\t<div class=\"elementor-element elementor-element-9218151 elementor-widget elementor-widget-text-editor\" data-id=\"9218151\" data-element_type=\"widget\" data-widget_type=\"text-editor.default\">\n\t\t\t\t<div class=\"elementor-widget-container\">\n\t\t\t\t\t\t\t\t\t<p class=\"p1\">VOUS POUVEZ AUSSI NOUS CONTACTER<br \/>PAR EMAIL bonjour@callmrsg.com OU<br \/>PAR T\u00c9L\u00c9PHONE AU +27 72 284 4179<\/p>\t\t\t\t\t\t\t\t<\/div>\n\t\t\t\t<\/div>\n\t\t\t\t\t<\/div>\n\t\t\t\t<\/div>\n\t\t<div class=\"elementor-element elementor-element-dcc184b e-con-full e-flex wpr-particle-no wpr-jarallax-no wpr-parallax-no wpr-sticky-section-no e-con e-parent\" data-id=\"dcc184b\" data-element_type=\"container\" data-settings=\"{&quot;background_background&quot;:&quot;classic&quot;}\">\n\t\t\t\t<div class=\"elementor-element elementor-element-dc3f02f elementor-widget__width-initial elementor-widget elementor-widget-text-editor\" data-id=\"dc3f02f\" data-element_type=\"widget\" data-widget_type=\"text-editor.default\">\n\t\t\t\t<div class=\"elementor-widget-container\">\n\t\t\t\t\t\t\t\t\t<p class=\"p1\"><strong>Suivez-nous pour plus d'inspiration<\/strong><\/p>\t\t\t\t\t\t\t\t<\/div>\n\t\t\t\t<\/div>\n\t\t\t\t<div class=\"elementor-element elementor-element-1ff1003 elementor-widget__width-initial elementor-widget elementor-widget-text-editor\" data-id=\"1ff1003\" data-element_type=\"widget\" data-widget_type=\"text-editor.default\">\n\t\t\t\t<div class=\"elementor-widget-container\">\n\t\t\t\t\t\t\t\t\t<p class=\"p1\">Restez connect\u00e9 et trouvez encore plus d'id\u00e9es pour vos \u00e9v\u00e9nements en nous suivant sur nos r\u00e9seaux sociaux. Nous aimons partager nos derniers projets, nos inspirations et un aper\u00e7u des coulisses des belles c\u00e9l\u00e9brations que nous cr\u00e9ons.<\/p>\t\t\t\t\t\t\t\t<\/div>\n\t\t\t\t<\/div>\n\t\t\t\t<div class=\"elementor-element elementor-element-b98062f elementor-widget elementor-widget-button\" data-id=\"b98062f\" data-element_type=\"widget\" data-widget_type=\"button.default\">\n\t\t\t\t<div class=\"elementor-widget-container\">\n\t\t\t\t\t\t\t\t\t<div class=\"elementor-button-wrapper\">\n\t\t\t\t\t<a class=\"elementor-button elementor-button-link elementor-size-sm elementor-animation-shrink\" href=\"https:\/\/www.instagram.com\/callmrsg\/\">\n\t\t\t\t\t\t<span class=\"elementor-button-content-wrapper\">\n\t\t\t\t\t\t\t\t\t<span class=\"elementor-button-text\">@CALLMRSG<\/span>\n\t\t\t\t\t<\/span>\n\t\t\t\t\t<\/a>\n\t\t\t\t<\/div>\n\t\t\t\t\t\t\t\t<\/div>\n\t\t\t\t<\/div>\n\t\t\t\t<\/div>\n\t\t\t\t<\/div>","protected":false},"excerpt":{"rendered":"<p>CONTACT US! Your vision is unique, and we we look forward to hear about it. To better prepare for our telephone conversation and support you in organizing your future event, please complete the form below; we will get back to you within 48 hours. SEE YOU SOON ! COMPLETE THE FORM YOU CAN ALSO CONTACT USBY EMAIL bonjour@callmrsg.com ORBY PHONE AT +27 72 284 4179 Follow us for more inspiration Stay connected and find even more ideas for your events with us following on our social networks. We like to share our latest projects, inspirations and a behind-the-scenes look at the beautiful celebrations we create. @CALLMRSG<\/p>","protected":false},"author":1,"featured_media":0,"parent":0,"menu_order":0,"comment_status":"closed","ping_status":"closed","template":"","meta":{"site-sidebar-layout":"no-sidebar","site-content-layout":"page-builder","ast-site-content-layout":"default","site-content-style":"default","site-sidebar-style":"default","ast-global-header-display":"","ast-banner-title-visibility":"","ast-main-header-display":"","ast-hfb-above-header-display":"","ast-hfb-below-header-display":"","ast-hfb-mobile-header-display":"","site-post-title":"disabled","ast-breadcrumbs-content":"disabled","ast-featured-img":"disabled","footer-sml-layout":"","theme-transparent-header-meta":"enabled","adv-header-id-meta":"","stick-header-meta":"","header-above-stick-meta":"","header-main-stick-meta":"","header-below-stick-meta":"","astra-migrate-meta-layouts":"default","ast-page-background-enabled":"default","ast-page-background-meta":{"desktop":{"background-color":"","background-image":"","background-repeat":"repeat","background-position":"center center","background-size":"auto","background-attachment":"scroll","background-type":"","background-media":"","overlay-type":"","overlay-color":"","overlay-opacity":"","overlay-gradient":""},"tablet":{"background-color":"","background-image":"","background-repeat":"repeat","background-position":"center center","background-size":"auto","background-attachment":"scroll","background-type":"","background-media":"","overlay-type":"","overlay-color":"","overlay-opacity":"","overlay-gradient":""},"mobile":{"background-color":"","background-image":"","background-repeat":"repeat","background-position":"center center","background-size":"auto","background-attachment":"scroll","background-type":"","background-media":"","overlay-type":"","overlay-color":"","overlay-opacity":"","overlay-gradient":""}},"ast-content-background-meta":{"desktop":{"background-color":"var(--ast-global-color-5)","background-image":"","background-repeat":"repeat","background-position":"center center","background-size":"auto","background-attachment":"scroll","background-type":"","background-media":"","overlay-type":"","overlay-color":"","overlay-opacity":"","overlay-gradient":""},"tablet":{"background-color":"var(--ast-global-color-5)","background-image":"","background-repeat":"repeat","background-position":"center center","background-size":"auto","background-attachment":"scroll","background-type":"","background-media":"","overlay-type":"","overlay-color":"","overlay-opacity":"","overlay-gradient":""},"mobile":{"background-color":"var(--ast-global-color-5)","background-image":"","background-repeat":"repeat","background-position":"center center","background-size":"auto","background-attachment":"scroll","background-type":"","background-media":"","overlay-type":"","overlay-color":"","overlay-opacity":"","overlay-gradient":""}},"footnotes":""},"class_list":["post-13","page","type-page","status-publish","hentry"],"_links":{"self":[{"href":"https:\/\/callmrsg.com\/fr\/wp-json\/wp\/v2\/pages\/13","targetHints":{"allow":["GET"]}}],"collection":[{"href":"https:\/\/callmrsg.com\/fr\/wp-json\/wp\/v2\/pages"}],"about":[{"href":"https:\/\/callmrsg.com\/fr\/wp-json\/wp\/v2\/types\/page"}],"author":[{"embeddable":true,"href":"https:\/\/callmrsg.com\/fr\/wp-json\/wp\/v2\/users\/1"}],"replies":[{"embeddable":true,"href":"https:\/\/callmrsg.com\/fr\/wp-json\/wp\/v2\/comments?post=13"}],"version-history":[{"count":0,"href":"https:\/\/callmrsg.com\/fr\/wp-json\/wp\/v2\/pages\/13\/revisions"}],"wp:attachment":[{"href":"https:\/\/callmrsg.com\/fr\/wp-json\/wp\/v2\/media?parent=13"}],"curies":[{"name":"wp","href":"https:\/\/api.w.org\/{rel}","templated":true}]}}